{"id":221,"date":"2026-02-04T09:01:21","date_gmt":"2026-02-04T09:01:21","guid":{"rendered":"https:\/\/adaperez.com\/?page_id=221"},"modified":"2026-02-04T09:16:35","modified_gmt":"2026-02-04T09:16:35","slug":"oude-muziek-in-ede","status":"publish","type":"page","link":"https:\/\/adaperez.com\/?page_id=221","title":{"rendered":"Oude muziek in Ede"},"content":{"rendered":"\n<figure class=\"wp-block-image size-large\"><img loading=\"lazy\" decoding=\"async\" width=\"735\" height=\"1024\" src=\"https:\/\/adaperez.com\/wp-content\/uploads\/2026\/02\/Poster-1-maart-plaatje-735x1024.jpg\" alt=\"\" class=\"wp-image-222\" srcset=\"https:\/\/adaperez.com\/wp-content\/uploads\/2026\/02\/Poster-1-maart-plaatje-735x1024.jpg 735w, https:\/\/adaperez.com\/wp-content\/uploads\/2026\/02\/Poster-1-maart-plaatje-215x300.jpg 215w, https:\/\/adaperez.com\/wp-content\/uploads\/2026\/02\/Poster-1-maart-plaatje-768x1070.jpg 768w, https:\/\/adaperez.com\/wp-content\/uploads\/2026\/02\/Poster-1-maart-plaatje.jpg 921w\" sizes=\"auto, (max-width: 735px) 100vw, 735px\" \/><\/figure>\n\n\n\n<p><strong>Ada P\u00e9rez &#8211; traverso &amp;  Tim Veldman &#8211; klavecimbel<\/strong><\/p>\n\n\n\n<p><strong>Ga voor tickets naar<\/strong> <a href=\"https:\/\/www.onlineticketsverkopen.nl\/winkel\/3593\">https:\/\/www.onlineticketsverkopen.nl\/winkel\/3593<\/a><\/p>\n\n\n\n<p><strong>Dromen van Europa <\/strong><\/p>\n\n\n\n<p>Muziek is altijd een universele taal geweest en zal dat ook altijd blijven. Het is de mooiste manier om zonder woorden te communiceren. De kracht van muziek overschrijdt taalbarri\u00e8res en spreekt rechtstreeks tot het hart. Dit vermogen van muziek wordt niet alleen erkend door muzikanten, maar ook door een publiek met een aandachtig en ontwikkeld gehoor. In de 18e eeuw was muziek aanwezig aan alle Europese hoven en reisden de meest bewonderde virtuoze musici van die tijd door het hele continent. Niet alleen de kunstminnende adel maar ook de opkomende burgerij was welkom bij de eerste openbare concerten, waarop steeds de nieuwste muziek uit het buitenland te horen was. Het enthousiasme kende duidelijk geen grenzen! <\/p>\n\n\n\n<p>Ada en Tim willen die verlichte sfeer opnieuw tot leven brengen met composities die drie eeuwen later nog niets aan zeggingskracht hebben ingeboet. Muziek heeft altijd het vermogen gehad om mensen te samen te brengen en dat is nog steeds een noodzakelijke aspiratie.<\/p>\n\n\n\n<h6 class=\"wp-block-heading\"><strong>PROGRAMMA<\/strong><\/h6>\n\n\n\n<p><strong>Jacques-Martin Hotteterre (1674-1763)<\/strong><br>Suite in G-groot op.2\/3 (Paris: 1708)<br><em>Allemande, La Cascade de St. Cloud. Piqu\u00e9<br>Sarabande, La Guimon.<br>Courante, L&#8217;Indifferente. L\u00e9g\u00e8rement<br>Rondeau , Le Plaintif. Tendrement<br>Menuet , Le Mignon.<br>Gigue, L\u2019Italienne.<\/em><\/p>\n\n\n\n<p><strong>Willem de Fesch (1687-1761)<\/strong><br>Sonata in e-klein op.8\/3 (Londen, 1736)<br><em>Larghetto &#8211; Allemanda &#8211; Sarabanda &#8211; Giga<\/em><\/p>\n\n\n\n<p><strong>Henry Purcell (1659-1695)<\/strong><br>Suite VIII in F-groot Z.669 (Londen, 1696)<br><em>Prelude &#8211; Almand &#8211; Courante &#8211; Minuet<\/em><\/p>\n\n\n\n<p><strong>Pietro Antonio Locatelli (1695-1764)<\/strong><br>Sonata in D-groot op.2\/2 (Amsterdam, 1732)<br><em>Largo &#8211; Allegro &#8211; Andante &#8211; Presto<\/em><\/p>\n\n\n\n<p><strong>Antonio Soler (1729-1783)<\/strong><br>Sonate in c-klein R.100<br><em>Adagio-Largo<\/em><br>Sonate in c-klein R.103<br><em>Allegro presto<\/em><\/p>\n\n\n\n<p><strong>Johann Sebastian Bach (1685-1750)\/Carl Philipp Emanuel Bach&nbsp;(1714-1788)<\/strong>                   Sonate in g-klein BWV 1020\/H.542.5 (Leipzig, 1734?)<br><em>[geen tempoaanduiding] &#8211; Adagio &#8211; Allegro<\/em><\/p>\n\n\n\n<p><\/p>\n\n\n\n<p><\/p>\n\n\n\n<p><\/p>\n","protected":false},"excerpt":{"rendered":"<p>Ada P\u00e9rez &#8211; traverso &amp; Tim Veldman &#8211; klavecimbel Ga voor tickets naar https:\/\/www.onlineticketsverkopen.nl\/winkel\/3593 Dromen van Europa Muziek is altijd een universele taal geweest en zal dat ook altijd blijven. Het is de mooiste manier om zonder woorden te communiceren. De kracht van muziek overschrijdt taalbarri\u00e8res en spreekt rechtstreeks tot het hart. Dit vermogen van &hellip; <a href=\"https:\/\/adaperez.com\/?page_id=221\" class=\"more-link\">Continue reading <span class=\"screen-reader-text\">Oude muziek in Ede<\/span> <span class=\"meta-nav\">&rarr;<\/span><\/a><\/p>\n","protected":false},"author":2,"featured_media":0,"parent":0,"menu_order":0,"comment_status":"closed","ping_status":"closed","template":"","meta":{"footnotes":""},"class_list":["post-221","page","type-page","status-publish","hentry"],"_links":{"self":[{"href":"https:\/\/adaperez.com\/index.php?rest_route=\/wp\/v2\/pages\/221","targetHints":{"allow":["GET"]}}],"collection":[{"href":"https:\/\/adaperez.com\/index.php?rest_route=\/wp\/v2\/pages"}],"about":[{"href":"https:\/\/adaperez.com\/index.php?rest_route=\/wp\/v2\/types\/page"}],"author":[{"embeddable":true,"href":"https:\/\/adaperez.com\/index.php?rest_route=\/wp\/v2\/users\/2"}],"replies":[{"embeddable":true,"href":"https:\/\/adaperez.com\/index.php?rest_route=%2Fwp%2Fv2%2Fcomments&post=221"}],"version-history":[{"count":5,"href":"https:\/\/adaperez.com\/index.php?rest_route=\/wp\/v2\/pages\/221\/revisions"}],"predecessor-version":[{"id":234,"href":"https:\/\/adaperez.com\/index.php?rest_route=\/wp\/v2\/pages\/221\/revisions\/234"}],"wp:attachment":[{"href":"https:\/\/adaperez.com\/index.php?rest_route=%2Fwp%2Fv2%2Fmedia&parent=221"}],"curies":[{"name":"wp","href":"https:\/\/api.w.org\/{rel}","templated":true}]}}